{"id":13,"date":"2016-07-26T01:04:59","date_gmt":"2016-07-26T01:04:59","guid":{"rendered":"https:\/\/c0010244.ferozo.com\/?page_id=13"},"modified":"2016-07-26T13:59:03","modified_gmt":"2016-07-26T13:59:03","slug":"clientes","status":"publish","type":"page","link":"https:\/\/terminallaspalmas.com\/pb\/clientes\/","title":{"rendered":"Clientes"},"content":{"rendered":"<p><\/p>\n<h3>CLIENTES FEEDER:<\/h3>\n<ul class=\"clientes\">\n<li>Alto Paran\u00e1<\/li>\n<li>DAK<\/li>\n<li>Arlei<\/li>\n<li>OTT<\/li>\n<li>Organics<\/li>\n<li>Molino Ca\u00f1uelas<\/li>\n<li>Molino Florencia<\/li>\n<\/ul>\n<ul class=\"clientes\">\n<li>Kimberly Clark<\/li>\n<li>Ferrero<\/li>\n<li>Cerro Motos<\/li>\n<li>Siderar<\/li>\n<li>Nutribras<\/li>\n<li>Oleaginosa Moreno<\/li>\n<li>Cervecer\u00eda Quilmes<\/li>\n<\/ul>\n<ul class=\"clientes\">\n<li>Cartocor<\/li>\n<li>DHL<\/li>\n<li>Kuehne+Nagel<\/li>\n<li>La Hispano Argentina<\/li>\n<li>Loma negra<\/li>\n<li>Patagonik<\/li>\n<li>Techint<\/li>\n<\/ul>\n<h3>CLIENTES CEREALEROS:<\/h3>\n<ul class=\"clientes\">\n<li>Grupo Andre Maggi<\/li>\n<li>CHS<\/li>\n<li>Cia. Argentina de Granos<\/li>\n<li>ADM ( Archer Daniels Midland)<\/li>\n<li>Scoular Company<\/li>\n<\/ul>\n<ul class=\"clientes\">\n<li>Oleaginosa Moreno<\/li>\n<li>Finning<\/li>\n<li>Malteria Pampa<\/li>\n<li>Los Grobo Agropecuaria<\/li>\n<\/ul>\n<p><\/p>","protected":false},"excerpt":{"rendered":"<p>CLIENTES FEEDER: Alto Paran\u00e1 DAK Arlei OTT Organics Molino Ca\u00f1uelas Molino Florencia Kimberly Clark Ferrero Cerro Motos Siderar Nutribras Oleaginosa Moreno Cervecer\u00eda Quilmes Cartocor DHL Kuehne+Nagel La Hispano Argentina Loma negra Patagonik Techint CLIENTES CEREALEROS: Grupo Andre Maggi CHS Cia. Argentina de Granos ADM ( Archer Daniels Midland) Scoular Company Oleaginosa Moreno Finning Malteria Pampa [&hellip;]<\/p>\n","protected":false},"author":2,"featured_media":0,"parent":0,"menu_order":0,"comment_status":"closed","ping_status":"closed","template":"","meta":{"footnotes":""},"class_list":["post-13","page","type-page","status-publish","hentry"],"_links":{"self":[{"href":"https:\/\/terminallaspalmas.com\/pb\/wp-json\/wp\/v2\/pages\/13","targetHints":{"allow":["GET"]}}],"collection":[{"href":"https:\/\/terminallaspalmas.com\/pb\/wp-json\/wp\/v2\/pages"}],"about":[{"href":"https:\/\/terminallaspalmas.com\/pb\/wp-json\/wp\/v2\/types\/page"}],"author":[{"embeddable":true,"href":"https:\/\/terminallaspalmas.com\/pb\/wp-json\/wp\/v2\/users\/2"}],"replies":[{"embeddable":true,"href":"https:\/\/terminallaspalmas.com\/pb\/wp-json\/wp\/v2\/comments?post=13"}],"version-history":[{"count":2,"href":"https:\/\/terminallaspalmas.com\/pb\/wp-json\/wp\/v2\/pages\/13\/revisions"}],"predecessor-version":[{"id":77,"href":"https:\/\/terminallaspalmas.com\/pb\/wp-json\/wp\/v2\/pages\/13\/revisions\/77"}],"wp:attachment":[{"href":"https:\/\/terminallaspalmas.com\/pb\/wp-json\/wp\/v2\/media?parent=13"}],"curies":[{"name":"wp","href":"https:\/\/api.w.org\/{rel}","templated":true}]}}