{"id":15,"date":"2016-07-26T01:06:19","date_gmt":"2016-07-26T01:06:19","guid":{"rendered":"https:\/\/c0010244.ferozo.com\/?page_id=15"},"modified":"2018-08-22T13:10:57","modified_gmt":"2018-08-22T13:10:57","slug":"como-llegar","status":"publish","type":"page","link":"https:\/\/terminallaspalmas.com\/pb\/como-llegar\/","title":{"rendered":"Como chegar ao terminal?"},"content":{"rendered":"<p><iframe loading=\"lazy\" src=\"https:\/\/maps.google.com.ar\/maps\/ms?msa=0&amp;msid=217504573737138723005.0004d7f6e72c01bc319f5&amp;ie=UTF8&amp;t=h&amp;ll=-34.059344,-59.145412&amp;spn=0.049775,0.072956&amp;z=12&amp;output=embed&amp;output=embed\" width=\"100%\" height=\"500\" frameborder=\"0\" marginwidth=\"0\" marginheight=\"0\" scrolling=\"no\"> <\/iframe><\/p>\n<p>&nbsp;<\/p>\n<div class=\"content\">\n<div class=\"modulo-derecha\">\n<div class=\"ficha-tecnica\">\n<h2>Ficha t\u00e9cnica<\/h2>\n<div class=\"modulo-ficha\">\n<div class=\"titular\">\n<p><strong>Localiza\u00e7\u00e3o<\/strong><\/p>\n<\/div>\n<div class=\"detalle\">\n<p>O terminal localiza-se no quil\u00f4metro 123, sobre a margem direita do rio Paran\u00e1 de las Palmas.<\/p>\n<\/div>\n<\/div>\n<div class=\"modulo-ficha\">\n<div class=\"titular\">\n<p><strong>Acessos<\/strong><\/p>\n<\/div>\n<div class=\"detalle\">\n<p>Da RN 9 km. 95, sa\u00edda direita do Paraje Las Palmas, aproximadamente 10,5 km de caminho pavimentado.<\/p>\n<\/div>\n<\/div>\n<div class=\"modulo-ficha\">\n<div class=\"titular\">\n<p><strong>Superf\u00edcie<\/strong><\/p>\n<\/div>\n<div class=\"detalle\">\n<p>O pr\u00e9dio do terminal cobre uma \u00e1rea de 87 ha. com 600 m de frente.<\/p>\n<\/div>\n<\/div>\n<div class=\"modulo-ficha\">\n<div class=\"titular\"><strong>Condi\u00e7\u00f5es h\u00eddricas<\/strong><\/div>\n<div class=\"detalle\">\n<p><strong>Calado natural:<\/strong> 36 p\u00e9s<\/p>\n<p><strong>Largura do canal:<\/strong> 350 m.<\/p>\n<p><strong>Ext. De cancha:<\/strong> 4000 m.<\/p>\n<p><strong>Altitude m\u00e9dia:<\/strong> 0,80 m.<\/p>\n<p><strong>Velocidade da \u00e1gua:<\/strong> 7 km\/h.<\/p>\n<\/div>\n<\/div>\n<div class=\"modulo-ficha\">\n<div class=\"titular\">\n<p><strong>Capacidade instalada<\/strong><\/p>\n<\/div>\n<div class=\"detalle\">\n<p><strong>Cais do norte:<\/strong> Descont\u00ednuo, com atracadouro de 128 m de frente e 8 m de largura. Apto Panamax e outros<\/p>\n<p><strong>Calado:<\/strong> Draft a\u00e9reo + 22,5 m\u00a0 de altitude m\u00e9dia<\/p>\n<p>&nbsp;<\/p>\n<p><strong>Armazenagem<\/strong><\/p>\n<p><strong>Silos verticais:<\/strong> 75.000 toneladas distribu\u00eddas em 9 silos verticais.<\/p>\n<p><strong>Celas flat:<\/strong> 30.000 toneladas.<\/p>\n<p><strong>Turcos:<\/strong> Bulher distribu\u00eddos em 3 pilhas de embarque.<\/p>\n<p><strong>Doca interior:<\/strong> Com calado de 18 p\u00e9s e apta para opera\u00e7\u00e3o de barca\u00e7as.<\/p>\n<p><strong>Capacidade de carga:<\/strong> 2.400 tons\/h. nominais para gran\u00e9is s\u00f3lidos\u00a0 e 2.000 tons\/h. nominais para derivados proteicos.<\/p>\n<p><strong>Capacidade de descarga:<\/strong> \u00a0600 tons\/h. nominais.<\/p>\n<p><strong>P\u00e1tios para perman\u00eancia:<\/strong> Aptos para receber 500 caminh\u00f5es di\u00e1rios.<\/p>\n<\/div>\n<\/div>\n<div class=\"modulo-ficha\">\n<div class=\"titular\">\n<p><strong>Opera\u00e7\u00f5es dispon\u00edveis:<\/strong><\/p>\n<\/div>\n<div class=\"detalle\">\n<p>Descarga, armazenagem e embarque de derivados proteicos e cereais.<\/p>\n<\/div>\n<\/div>\n<div class=\"modulo-ficha\">\n<div class=\"titular\">\n<p><strong>Servi\u00e7os<\/strong><\/p>\n<\/div>\n<div class=\"detalle\">\n<p>Assist\u00eancia a navios (\u00e1gua fresca, repara\u00e7\u00f5es e provis\u00f5es a bordo). O navio que estiver operando n\u00e3o precisar\u00e1 de ajuda de rebocador<\/p>\n<\/div>\n<\/div>\n<\/div>\n<\/div>\n<\/div>\n<p><\/p>","protected":false},"excerpt":{"rendered":"<p>&nbsp; Ficha t\u00e9cnica Localiza\u00e7\u00e3o O terminal localiza-se no quil\u00f4metro 123, sobre a margem direita do rio Paran\u00e1 de las Palmas. Acessos Da RN 9 km. 95, sa\u00edda direita do Paraje Las Palmas, aproximadamente 10,5 km de caminho pavimentado. Superf\u00edcie O pr\u00e9dio do terminal cobre uma \u00e1rea de 87 ha. com 600 m de frente. Condi\u00e7\u00f5es [&hellip;]<\/p>\n","protected":false},"author":2,"featured_media":0,"parent":0,"menu_order":0,"comment_status":"closed","ping_status":"closed","template":"","meta":{"footnotes":""},"class_list":["post-15","page","type-page","status-publish","hentry"],"_links":{"self":[{"href":"https:\/\/terminallaspalmas.com\/pb\/wp-json\/wp\/v2\/pages\/15","targetHints":{"allow":["GET"]}}],"collection":[{"href":"https:\/\/terminallaspalmas.com\/pb\/wp-json\/wp\/v2\/pages"}],"about":[{"href":"https:\/\/terminallaspalmas.com\/pb\/wp-json\/wp\/v2\/types\/page"}],"author":[{"embeddable":true,"href":"https:\/\/terminallaspalmas.com\/pb\/wp-json\/wp\/v2\/users\/2"}],"replies":[{"embeddable":true,"href":"https:\/\/terminallaspalmas.com\/pb\/wp-json\/wp\/v2\/comments?post=15"}],"version-history":[{"count":6,"href":"https:\/\/terminallaspalmas.com\/pb\/wp-json\/wp\/v2\/pages\/15\/revisions"}],"predecessor-version":[{"id":167,"href":"https:\/\/terminallaspalmas.com\/pb\/wp-json\/wp\/v2\/pages\/15\/revisions\/167"}],"wp:attachment":[{"href":"https:\/\/terminallaspalmas.com\/pb\/wp-json\/wp\/v2\/media?parent=15"}],"curies":[{"name":"wp","href":"https:\/\/api.w.org\/{rel}","templated":true}]}}