{"id":18,"date":"2016-07-26T01:07:24","date_gmt":"2016-07-26T01:07:24","guid":{"rendered":"https:\/\/c0010244.ferozo.com\/?page_id=18"},"modified":"2016-07-26T14:00:51","modified_gmt":"2016-07-26T14:00:51","slug":"contenedores-y-carga-general","status":"publish","type":"page","link":"https:\/\/terminallaspalmas.com\/pb\/contenedores-y-carga-general\/","title":{"rendered":"Cont\u00eaineres e Carga Geral"},"content":{"rendered":"<p><img loading=\"lazy\" decoding=\"async\" class=\"img-responsive alignnone wp-image-73 size-full\" src=\"https:\/\/c0010244.ferozo.com\/wp-content\/uploads\/2016\/07\/contenedores-y-carga-general.png\" alt=\"contenedores y carga general\" width=\"600\" height=\"500\" srcset=\"https:\/\/terminallaspalmas.com\/wp-content\/uploads\/2016\/07\/contenedores-y-carga-general.png 600w, https:\/\/terminallaspalmas.com\/wp-content\/uploads\/2016\/07\/contenedores-y-carga-general-300x250.png 300w\" sizes=\"auto, (max-width: 600px) 100vw, 600px\" \/><\/p>\n<p>No terminal de cont\u00eaineres e carga geral da Terminal Las Palmas, nossos clientes podem encontrar solu\u00e7\u00f5es para todas as necessidades operacionais e log\u00edsticas que podam acontecer. Os servi\u00e7os padronizados que podem ser solicitados e coordenados incluem:<\/p>\n<h3>Feeders:<\/h3>\n<p>A Terminal Las Palmas conta com um servi\u00e7o de Feeders (Barca\u00e7as e navios menores) que conectam o terminal com os portos de Buenos Aires, Montevid\u00e9u e Assun\u00e7\u00e3o. Os servi\u00e7os para Montevid\u00e9u e Assun\u00e7\u00e3o s\u00e3o importantes, fundamentalmente devido \u00e0 transforma\u00e7\u00e3o do terminal Las Palmas de porto up-river de cabotagem em porto de localiza\u00e7\u00e3o estrat\u00e9gica com conex\u00e3o internacional, infraestrutura e servi\u00e7os portu\u00e1rios personalizados.<\/p>\n<h3>Estivagem e desestivagem de Cont\u00eaineres<\/h3>\n<p>Consiste da recep\u00e7\u00e3o, entrega, planejamento e coordena\u00e7\u00e3o f\u00edsica e documental da movimenta\u00e7\u00e3o de cont\u00eaineres pelo porto de Las Palmas, tanto para importa\u00e7\u00e3o quanto para exporta\u00e7\u00e3o, tr\u00e2nsito e cont\u00eaineres vazios de reposi\u00e7\u00e3o.<\/p>\n<h3>Dep\u00f3sitos Alfandegados e para Nacionalizados<\/h3>\n<p>A TLP conta com mais de 15.000 m2 de dep\u00f3sitos alfandegados e para produtos nacionalizados, o qual adiciona valor aos servi\u00e7os de consolida\u00e7\u00e3o e desconsolida\u00e7\u00e3o de cont\u00eaineres. Al\u00e9m disso, oferece aos clientes a possibilidade de ter dep\u00f3sitos exclusivos tanto alfandegados como para produtos nacionalizados, aptos para toda classe de cargas, inclusive dep\u00f3sitos aptos para alimentos.<\/p>\n<h3>Armazenagem de cont\u00eaineres e carga geral<\/h3>\n<p>A TLP conta com um sistema de seguran\u00e7a altamente tecnificado, e com infraestrutura necess\u00e1ria para armazenagem de cargas de todo tipo, seja em tr\u00e2nsito ou para o mercado local.<\/p>\n<h3>Transporte de cont\u00eaineres<\/h3>\n<p>O servi\u00e7o de transporte faz parte da opera\u00e7\u00e3o log\u00edstica, e ele pode ser confiado \u00e0 TLP tanto dentro quanto fora do porto.<\/p>\n<h3>Consolida\u00e7\u00e3o e desconsolida\u00e7\u00e3o de carga<\/h3>\n<p>Mediante este servi\u00e7o, os clientes exportadores recebem um cont\u00eainer vazio, previamente alocado pelo armador, para consolidar a carga para exporta\u00e7\u00e3o e envi\u00e1-la para o destino final. No caso de importa\u00e7\u00f5es, o servi\u00e7o inclui a abertura e vaziado do cont\u00eainer e a entrega da carga ao consignat\u00e1rio e a disposi\u00e7\u00e3o posterior do cont\u00eainer onde o armador indicar. A TLP especializa-se na consolida\u00e7\u00e3o de todo tipo de farinas e cereais a granel dentro de cont\u00eaineres, mediante o equipamento e as instala\u00e7\u00f5es portu\u00e1rias combinadas com nosso porto cerealista.<\/p>\n<h3>Servi\u00e7os log\u00edsticos integrados<\/h3>\n<p>Um importante valor oferecido pela TLP a seus clientes \u00e9 a integra\u00e7\u00e3o de servi\u00e7os, para que o cliente interaja apenas com um intermedi\u00e1rio que possa satisfazer todas as necessidades log\u00edsticas e de com\u00e9rcio exterior requeridas. Isso \u00e9 poss\u00edvel gra\u00e7as \u00e0 ampla rede de empresas relacionadas da TLP e sua grande voca\u00e7\u00e3o de servi\u00e7o para o cliente.<\/p>\n<h2>Servi\u00e7os a linhas mar\u00edtimas e fluviais<\/h2>\n<p>Servi\u00e7os a navios<\/p>\n<p>&nbsp;<\/p>\n<p>Al\u00e9m dos servi\u00e7os de amarra\u00e7\u00e3o e desamarra\u00e7\u00e3o, a TLP oferece \u00e1gua pot\u00e1vel, eletricidade, instala\u00e7\u00f5es para suprimento de insumos e combust\u00edvel, uso de guindastes e vigil\u00e2ncia de navios.<\/p>\n<p>Inspe\u00e7\u00e3o e repara\u00e7\u00e3o de cont\u00eaineres<\/p>\n<p>&nbsp;<\/p>\n<p>A TLP conta com uma \u00e1rea especializada e certificada, dedicada exclusivamente ao servi\u00e7o de inspe\u00e7\u00e3o, or\u00e7amento e repara\u00e7\u00e3o de todo tipo de cont\u00eaineres no mercado. Sobressai a alta especializa\u00e7\u00e3o dos t\u00e9cnicos da TLP para repara\u00e7\u00f5es estruturais e de equipamentos de cont\u00eaineres refrigerados.<\/p>\n<p>P\u00e1tio para cont\u00eaineres vazios<\/p>\n<p>&nbsp;<\/p>\n<p>A TLP conta com um p\u00e1tio para cont\u00eaineres vazios de 10.000 m2, com capacidade para 2.000 cont\u00eaineres, com todas as medidas de seguran\u00e7a requeridas. Oferece, ademais, administra\u00e7\u00e3o de equipamentos e controle de estoque di\u00e1rio mediante sistemas inform\u00e1ticos EDI.<\/p>","protected":false},"excerpt":{"rendered":"<p>No terminal de cont\u00eaineres e carga geral da Terminal Las Palmas, nossos clientes podem encontrar solu\u00e7\u00f5es para todas as necessidades operacionais e log\u00edsticas que podam acontecer. Os servi\u00e7os padronizados que podem ser solicitados e coordenados incluem: Feeders: A Terminal Las Palmas conta com um servi\u00e7o de Feeders (Barca\u00e7as e navios menores) que conectam o terminal [&hellip;]<\/p>\n","protected":false},"author":2,"featured_media":0,"parent":0,"menu_order":0,"comment_status":"closed","ping_status":"closed","template":"","meta":{"footnotes":""},"class_list":["post-18","page","type-page","status-publish","hentry"],"_links":{"self":[{"href":"https:\/\/terminallaspalmas.com\/pb\/wp-json\/wp\/v2\/pages\/18","targetHints":{"allow":["GET"]}}],"collection":[{"href":"https:\/\/terminallaspalmas.com\/pb\/wp-json\/wp\/v2\/pages"}],"about":[{"href":"https:\/\/terminallaspalmas.com\/pb\/wp-json\/wp\/v2\/types\/page"}],"author":[{"embeddable":true,"href":"https:\/\/terminallaspalmas.com\/pb\/wp-json\/wp\/v2\/users\/2"}],"replies":[{"embeddable":true,"href":"https:\/\/terminallaspalmas.com\/pb\/wp-json\/wp\/v2\/comments?post=18"}],"version-history":[{"count":4,"href":"https:\/\/terminallaspalmas.com\/pb\/wp-json\/wp\/v2\/pages\/18\/revisions"}],"predecessor-version":[{"id":96,"href":"https:\/\/terminallaspalmas.com\/pb\/wp-json\/wp\/v2\/pages\/18\/revisions\/96"}],"wp:attachment":[{"href":"https:\/\/terminallaspalmas.com\/pb\/wp-json\/wp\/v2\/media?parent=18"}],"curies":[{"name":"wp","href":"https:\/\/api.w.org\/{rel}","templated":true}]}}