{"id":19,"date":"2016-07-26T01:07:42","date_gmt":"2016-07-26T01:07:42","guid":{"rendered":"https:\/\/c0010244.ferozo.com\/?page_id=19"},"modified":"2016-07-26T13:58:02","modified_gmt":"2016-07-26T13:58:02","slug":"forwarding","status":"publish","type":"page","link":"https:\/\/terminallaspalmas.com\/pb\/forwarding\/","title":{"rendered":"Forwarding"},"content":{"rendered":"<p><img loading=\"lazy\" decoding=\"async\" class=\"img-responsive alignnone wp-image-69 size-full\" src=\"https:\/\/c0010244.ferozo.com\/wp-content\/uploads\/2016\/07\/Forwarding.png\" alt=\"Forwarding\" width=\"600\" height=\"500\" srcset=\"https:\/\/terminallaspalmas.com\/wp-content\/uploads\/2016\/07\/Forwarding.png 600w, https:\/\/terminallaspalmas.com\/wp-content\/uploads\/2016\/07\/Forwarding-300x250.png 300w\" sizes=\"auto, (max-width: 600px) 100vw, 600px\" \/><\/p>\n<p>Atrav\u00e9s do Setor de Forwarding, a TLP oferece a seus clientes que assim o requerem cota\u00e7\u00f5es de fretes mar\u00edtimos internacionais, tanto para importa\u00e7\u00e3o quanto para exporta\u00e7\u00e3o, da Terminal Las Palmas para quaisquer destinos do mundo ou vice versa<\/p>","protected":false},"excerpt":{"rendered":"<p>Atrav\u00e9s do Setor de Forwarding, a TLP oferece a seus clientes que assim o requerem cota\u00e7\u00f5es de fretes mar\u00edtimos internacionais, tanto para importa\u00e7\u00e3o quanto para exporta\u00e7\u00e3o, da Terminal Las Palmas para quaisquer destinos do mundo ou vice versa<\/p>\n","protected":false},"author":2,"featured_media":0,"parent":0,"menu_order":0,"comment_status":"closed","ping_status":"closed","template":"","meta":{"footnotes":""},"class_list":["post-19","page","type-page","status-publish","hentry"],"_links":{"self":[{"href":"https:\/\/terminallaspalmas.com\/pb\/wp-json\/wp\/v2\/pages\/19","targetHints":{"allow":["GET"]}}],"collection":[{"href":"https:\/\/terminallaspalmas.com\/pb\/wp-json\/wp\/v2\/pages"}],"about":[{"href":"https:\/\/terminallaspalmas.com\/pb\/wp-json\/wp\/v2\/types\/page"}],"author":[{"embeddable":true,"href":"https:\/\/terminallaspalmas.com\/pb\/wp-json\/wp\/v2\/users\/2"}],"replies":[{"embeddable":true,"href":"https:\/\/terminallaspalmas.com\/pb\/wp-json\/wp\/v2\/comments?post=19"}],"version-history":[{"count":4,"href":"https:\/\/terminallaspalmas.com\/pb\/wp-json\/wp\/v2\/pages\/19\/revisions"}],"predecessor-version":[{"id":93,"href":"https:\/\/terminallaspalmas.com\/pb\/wp-json\/wp\/v2\/pages\/19\/revisions\/93"}],"wp:attachment":[{"href":"https:\/\/terminallaspalmas.com\/pb\/wp-json\/wp\/v2\/media?parent=19"}],"curies":[{"name":"wp","href":"https:\/\/api.w.org\/{rel}","templated":true}]}}