{"id":20,"date":"2016-07-26T01:08:01","date_gmt":"2016-07-26T01:08:01","guid":{"rendered":"https:\/\/c0010244.ferozo.com\/?page_id=20"},"modified":"2016-07-26T14:01:19","modified_gmt":"2016-07-26T14:01:19","slug":"politica-de-privacidad","status":"publish","type":"page","link":"https:\/\/terminallaspalmas.com\/pb\/politica-de-privacidad\/","title":{"rendered":"Pol\u00edtica de Privacidade"},"content":{"rendered":"<p>Da Pol\u00edtica de Prote\u00e7\u00e3o dos Dados Pessoais<br \/>\nMediante este aviso, a TERMINAL LAS PALMAS S.A. (&#8220;TLP&#8221;) informa \u00e0s pessoas que acessem e naveguem no site www.terminallaspalmas.com (&#8220;Usu\u00e1rio&#8221; ou &#8220;Usu\u00e1rios&#8221; e o &#8220;Site&#8221;) sobre sua pol\u00edtica de prote\u00e7\u00e3o de dados pessoais, para que os Usu\u00e1rios do Site decidam livremente se eles desejam fornecer os dados pessoais que a TLP possa requerer, ou que a TLP possa obter do cadastramento ou registra\u00e7\u00e3o dos Usu\u00e1rios para participar nas promo\u00e7\u00f5es\/jogos oferecidos pelo Site ou atrav\u00e9s dele.<br \/>\nAs informa\u00e7\u00f5es incluem, sem limita\u00e7\u00f5es, o correio eletr\u00f4nico. A TLP se reserva o direito de alterar esta pol\u00edtica e adapt\u00e1-la \u00e0s novidades legislativas e\/ou jurisprudenciais, assim como \u00e0s pr\u00e1ticas da ind\u00fastria. Nesses casos, a TLP anunciar\u00e1, no Site, as altera\u00e7\u00f5es introduzidas com razo\u00e1vel antecipa\u00e7\u00e3o.<br \/>\nOs dados pessoais obtidos pela TLP receber\u00e3o tratamento automatizado e ser\u00e3o incorporados nos arquivos da TLP. A TLP oferecer\u00e1 aos Usu\u00e1rios os recursos t\u00e9cnicos adequados para que eles possam outorgar seu consentimento de maneira inequ\u00edvoca e a TLP possa proceder ao tratamento automatizado de seus dados pessoais, e para que, antes de outorgar seu consentimento, os Usu\u00e1rios tenham acesso a este aviso sobre a pol\u00edtica de prote\u00e7\u00e3o de dados da TLP ou a quaisquer outras informa\u00e7\u00f5es relevantes.<br \/>\nA pol\u00edtica de privacidade da TLP cumpre com a Lei n\u00b0 25.326 de prote\u00e7\u00e3o de dados pessoais e com as leis em vigor em mat\u00e9ria de prote\u00e7\u00e3o de dados pessoais em geral.<br \/>\nA incorpora\u00e7\u00e3o de dados pessoais e seu tratamento automatizado visam a que os Usu\u00e1rios possam acessar, na atualidade e no futuro, os diferentes servi\u00e7os da TLP e, opcionalmente, a oferta de publicidade seletiva ou conte\u00fados de maior interesse para eles, assim como o envio de atualiza\u00e7\u00f5es dos servi\u00e7os comercializados pela TLP e o envio de informa\u00e7\u00f5es comerciais sobre os produtos e servi\u00e7os oferecidos pela TLP mediante meios tradicionais ou eletr\u00f4nicos. A TLP dever\u00e1 obter o consentimento inequ\u00edvoco pr\u00e9vio dos Usu\u00e1rios se a TLP quiser tratar os dados pessoais para fins diferentes dos mencionados nesta Pol\u00edtica.<br \/>\nA TLP adotou n\u00edveis de seguran\u00e7a para prote\u00e7\u00e3o de dados pessoais segundo os requerimentos legais, e instalou todos os meios e medidas t\u00e9cnicas poss\u00edveis para evitar a perda, uso indevido, altera\u00e7\u00e3o, acesso n\u00e3o autorizado e roubo dos dados pessoais fornecidos \u00e0 TLP. Devido ao fato de que nenhuma transmiss\u00e3o via a Internet pode garantir sua completa seguran\u00e7a, a TLP n\u00e3o garante que as informa\u00e7\u00f5es transmitidas utilizando o Site sejam inteiramente seguras. Portanto, os Usu\u00e1rios assumem este risco, e declaram conhec\u00ea-lo e aceit\u00e1-lo, ao acessar o Site.<br \/>\nOs Usu\u00e1rios podem exercer os direitos de acesso, cancelamento, atualiza\u00e7\u00e3o, retifica\u00e7\u00e3o, oposi\u00e7\u00e3o ou supress\u00e3o, assim como o direito de ser informados sobre as cess\u00f5es de dados realizadas contatando a TLP atrav\u00e9s do correio eletr\u00f4nico infotlp@molca.com.ar.<\/p>\n<p>Da Confidencialidade das Informa\u00e7\u00f5es.<br \/>\nA TLP n\u00e3o compartilhar\u00e1 as informa\u00e7\u00f5es confidenciais com terceiros, salvo quando a TLP tiver expressa autoriza\u00e7\u00e3o dos subscritores, ou quando essas informa\u00e7\u00f5es forem requeridas por autoridade judicial ou pelas leis, ou para proteger os direitos de propriedade ou outros direitos da TLP. A TLP n\u00e3o vende, aluga nem comercializa as informa\u00e7\u00f5es dos Usu\u00e1rios. Caso os dados pessoais dos Usu\u00e1rios devessem ser compartilhados com os parceiros comerciais ou patrocinadores, os Usu\u00e1rios ser\u00e3o notificados antes de recolher ou transmitir esses dados. Se voc\u00ea n\u00e3o quiser compartilhar seus dados, pode decidir n\u00e3o utilizar um servi\u00e7o determinado ou n\u00e3o participar em alguma promo\u00e7\u00e3o ou concurso.<\/p>\n<p>Das Altera\u00e7\u00e3o\/Atualiza\u00e7\u00e3o das Informa\u00e7\u00f5es Pessoais.<br \/>\nOs dados pessoais fornecidos pelo Usu\u00e1rio far\u00e3o parte de um arquivo com seu perfil. O Usu\u00e1rio pode alterar e\/ou atualizar uma parte desses dados, a qualquer momento, acessando seu perfil.<\/p>\n<p>CASO O USU\u00c1RIO N\u00c3O CONCORDE COM ESTA POL\u00cdTICA DE PROTE\u00c7\u00c3O DE DADOS PESSOAIS, DEVER\u00c1 ABANDONAR O S\u00cdTIO.<\/p>","protected":false},"excerpt":{"rendered":"<p>Da Pol\u00edtica de Prote\u00e7\u00e3o dos Dados Pessoais Mediante este aviso, a TERMINAL LAS PALMAS S.A. (&#8220;TLP&#8221;) informa \u00e0s pessoas que acessem e naveguem no site www.terminallaspalmas.com (&#8220;Usu\u00e1rio&#8221; ou &#8220;Usu\u00e1rios&#8221; e o &#8220;Site&#8221;) sobre sua pol\u00edtica de prote\u00e7\u00e3o de dados pessoais, para que os Usu\u00e1rios do Site decidam livremente se eles desejam fornecer os dados pessoais [&hellip;]<\/p>\n","protected":false},"author":2,"featured_media":0,"parent":0,"menu_order":0,"comment_status":"closed","ping_status":"closed","template":"","meta":{"footnotes":""},"class_list":["post-20","page","type-page","status-publish","hentry"],"_links":{"self":[{"href":"https:\/\/terminallaspalmas.com\/pb\/wp-json\/wp\/v2\/pages\/20","targetHints":{"allow":["GET"]}}],"collection":[{"href":"https:\/\/terminallaspalmas.com\/pb\/wp-json\/wp\/v2\/pages"}],"about":[{"href":"https:\/\/terminallaspalmas.com\/pb\/wp-json\/wp\/v2\/types\/page"}],"author":[{"embeddable":true,"href":"https:\/\/terminallaspalmas.com\/pb\/wp-json\/wp\/v2\/users\/2"}],"replies":[{"embeddable":true,"href":"https:\/\/terminallaspalmas.com\/pb\/wp-json\/wp\/v2\/comments?post=20"}],"version-history":[{"count":3,"href":"https:\/\/terminallaspalmas.com\/pb\/wp-json\/wp\/v2\/pages\/20\/revisions"}],"predecessor-version":[{"id":97,"href":"https:\/\/terminallaspalmas.com\/pb\/wp-json\/wp\/v2\/pages\/20\/revisions\/97"}],"wp:attachment":[{"href":"https:\/\/terminallaspalmas.com\/pb\/wp-json\/wp\/v2\/media?parent=20"}],"curies":[{"name":"wp","href":"https:\/\/api.w.org\/{rel}","templated":true}]}}