{"id":21,"date":"2016-07-26T01:08:17","date_gmt":"2016-07-26T01:08:17","guid":{"rendered":"https:\/\/c0010244.ferozo.com\/?page_id=21"},"modified":"2016-07-26T13:57:41","modified_gmt":"2016-07-26T13:57:41","slug":"proyecto-puerto-multimodal","status":"publish","type":"page","link":"https:\/\/terminallaspalmas.com\/pb\/proyecto-puerto-multimodal\/","title":{"rendered":"Projeto Porto Multimodal"},"content":{"rendered":"<p>O projeto multimodal da Terminal Las Palmas compreende um parque industrial com porto pr\u00f3prio para cont\u00eaineres e uma planta de crushing de oleaginosas com porto pr\u00f3prio e armazenagem para carga de gr\u00e3os.<\/p>\n<p>Sua localiza\u00e7\u00e3o \u00e9 estrat\u00e9gica, para minimizar os custos de opera\u00e7\u00e3o tanto de importadores e exportadores quanto de armadores e de empresas de navega\u00e7\u00e3o que operam em seus cais.<\/p>\n<p><iframe loading=\"lazy\" src=\"https:\/\/www.youtube.com\/embed\/ndhiOn5O8nE?feature=player_embedded\" width=\"100%\" height=\"360\" frameborder=\"0\" allowfullscreen=\"allowfullscreen\"><\/iframe><\/p>","protected":false},"excerpt":{"rendered":"<p>O projeto multimodal da Terminal Las Palmas compreende um parque industrial com porto pr\u00f3prio para cont\u00eaineres e uma planta de crushing de oleaginosas com porto pr\u00f3prio e armazenagem para carga de gr\u00e3os. Sua localiza\u00e7\u00e3o \u00e9 estrat\u00e9gica, para minimizar os custos de opera\u00e7\u00e3o tanto de importadores e exportadores quanto de armadores e de empresas de navega\u00e7\u00e3o [&hellip;]<\/p>\n","protected":false},"author":2,"featured_media":0,"parent":0,"menu_order":0,"comment_status":"closed","ping_status":"closed","template":"","meta":{"footnotes":""},"class_list":["post-21","page","type-page","status-publish","hentry"],"_links":{"self":[{"href":"https:\/\/terminallaspalmas.com\/pb\/wp-json\/wp\/v2\/pages\/21","targetHints":{"allow":["GET"]}}],"collection":[{"href":"https:\/\/terminallaspalmas.com\/pb\/wp-json\/wp\/v2\/pages"}],"about":[{"href":"https:\/\/terminallaspalmas.com\/pb\/wp-json\/wp\/v2\/types\/page"}],"author":[{"embeddable":true,"href":"https:\/\/terminallaspalmas.com\/pb\/wp-json\/wp\/v2\/users\/2"}],"replies":[{"embeddable":true,"href":"https:\/\/terminallaspalmas.com\/pb\/wp-json\/wp\/v2\/comments?post=21"}],"version-history":[{"count":2,"href":"https:\/\/terminallaspalmas.com\/pb\/wp-json\/wp\/v2\/pages\/21\/revisions"}],"predecessor-version":[{"id":92,"href":"https:\/\/terminallaspalmas.com\/pb\/wp-json\/wp\/v2\/pages\/21\/revisions\/92"}],"wp:attachment":[{"href":"https:\/\/terminallaspalmas.com\/pb\/wp-json\/wp\/v2\/media?parent=21"}],"curies":[{"name":"wp","href":"https:\/\/api.w.org\/{rel}","templated":true}]}}