{"id":29,"date":"2016-07-26T01:09:01","date_gmt":"2016-07-26T01:09:01","guid":{"rendered":"https:\/\/c0010244.ferozo.com\/?page_id=29"},"modified":"2017-10-06T21:03:00","modified_gmt":"2017-10-06T21:03:00","slug":"sistema-de-gestion","status":"publish","type":"page","link":"https:\/\/terminallaspalmas.com\/pb\/sistema-de-gestion\/","title":{"rendered":"Sistema de Gerenciamento"},"content":{"rendered":"<p>Estamos convencidos de que a efici\u00eancia e a qualidade de servi\u00e7o se conseguem exclusivamente mediante a implementa\u00e7\u00e3o de sistemas de gerenciamento que facilitem o desenvolvimento, no seu m\u00e1ximo potencial, de todo o pessoal. Para tanto, desenvolvemos um sistema de gerenciamento pr\u00f3prio baseado na administra\u00e7\u00e3o de processos, o qual \u00e9 aplicado tanto no \u00e2mbito de dire\u00e7\u00e3o para tomar decis\u00f5es quanto no \u00e2mbito operacional para executar processos em todas as \u00e1reas da empresa. O nosso sistema de gerenciamento depende de <strong>5 subsistemas de gerenciamento, para garantir a qualidade dos processos nas \u00e1reas operacionais:<\/strong><\/p>\n<div class=\"ficha-tecnica\"><\/div>\n<div class=\"ficha-tecnica\">\n<ul>\n<li>5S<\/li>\n<li>TPM<\/li>\n<li><img loading=\"lazy\" decoding=\"async\" src=\"https:\/\/c0010244.ferozo.com\/wp-content\/uploads\/2016\/07\/iso.gif\" alt=\"Iso\" width=\"28\" height=\"23\" align=\"absMiddle\" \/> 14000<\/li>\n<li>PBIP<\/li>\n<li>ERP: JDE Edwards<\/li>\n<\/ul>\n<\/div>\n<p><\/p>","protected":false},"excerpt":{"rendered":"<p>Estamos convencidos de que a efici\u00eancia e a qualidade de servi\u00e7o se conseguem exclusivamente mediante a implementa\u00e7\u00e3o de sistemas de gerenciamento que facilitem o desenvolvimento, no seu m\u00e1ximo potencial, de todo o pessoal. Para tanto, desenvolvemos um sistema de gerenciamento pr\u00f3prio baseado na administra\u00e7\u00e3o de processos, o qual \u00e9 aplicado tanto no \u00e2mbito de dire\u00e7\u00e3o [&hellip;]<\/p>\n","protected":false},"author":2,"featured_media":0,"parent":0,"menu_order":0,"comment_status":"closed","ping_status":"closed","template":"","meta":{"footnotes":""},"class_list":["post-29","page","type-page","status-publish","hentry"],"_links":{"self":[{"href":"https:\/\/terminallaspalmas.com\/pb\/wp-json\/wp\/v2\/pages\/29","targetHints":{"allow":["GET"]}}],"collection":[{"href":"https:\/\/terminallaspalmas.com\/pb\/wp-json\/wp\/v2\/pages"}],"about":[{"href":"https:\/\/terminallaspalmas.com\/pb\/wp-json\/wp\/v2\/types\/page"}],"author":[{"embeddable":true,"href":"https:\/\/terminallaspalmas.com\/pb\/wp-json\/wp\/v2\/users\/2"}],"replies":[{"embeddable":true,"href":"https:\/\/terminallaspalmas.com\/pb\/wp-json\/wp\/v2\/comments?post=29"}],"version-history":[{"count":9,"href":"https:\/\/terminallaspalmas.com\/pb\/wp-json\/wp\/v2\/pages\/29\/revisions"}],"predecessor-version":[{"id":164,"href":"https:\/\/terminallaspalmas.com\/pb\/wp-json\/wp\/v2\/pages\/29\/revisions\/164"}],"wp:attachment":[{"href":"https:\/\/terminallaspalmas.com\/pb\/wp-json\/wp\/v2\/media?parent=29"}],"curies":[{"name":"wp","href":"https:\/\/api.w.org\/{rel}","templated":true}]}}