{"id":31,"date":"2016-07-26T01:09:19","date_gmt":"2016-07-26T01:09:19","guid":{"rendered":"https:\/\/c0010244.ferozo.com\/?page_id=31"},"modified":"2016-07-26T14:25:24","modified_gmt":"2016-07-26T14:25:24","slug":"terminal-de-cereales","status":"publish","type":"page","link":"https:\/\/terminallaspalmas.com\/pb\/terminal-de-cereales\/","title":{"rendered":"Terminal de Cereais"},"content":{"rendered":"<p>De import\u00e2ncia essencial no projeto Terminal Las Palmas, o porto cerealista oferece um atracadouro de 250 m de frente, apto para opera\u00e7\u00e3o de navios tipo Panamax, entre outros, com um calado natural de 36 p\u00e9s. A capacidade de embarque \u00e9 2.000 toneladas\/hora para derivados proteicos e 2.400 toneladas\/hora para gr\u00e3os. O setor de armazenagem tem capacidade para 100.000 toneladas de cereais e 30.000 toneladas de pellets e farinhas. Para completar a opera\u00e7\u00e3o de descarga utilizam-se barca\u00e7as e uma doca interior com capacidade para descarregar 2 barca\u00e7as simultaneamente, \u00e0 raz\u00e3o de 600 toneladas\/hora.<\/p>\n<div class=\"ficha-tecnica\"><img loading=\"lazy\" decoding=\"async\" class=\"img-responsive alignnone wp-image-65 size-full\" src=\"https:\/\/c0010244.ferozo.com\/wp-content\/uploads\/2016\/07\/terminal-de-cereales.png\" alt=\"terminal-de-cereales\" width=\"600\" height=\"400\" srcset=\"https:\/\/terminallaspalmas.com\/wp-content\/uploads\/2016\/07\/terminal-de-cereales.png 600w, https:\/\/terminallaspalmas.com\/wp-content\/uploads\/2016\/07\/terminal-de-cereales-300x200.png 300w\" sizes=\"auto, (max-width: 600px) 100vw, 600px\" \/><\/div>\n<div class=\"ficha-tecnica\"><\/div>\n<ul>\n<li class=\"ficha-tecnica\">1 cela de 30.000 toneladas base soja.<\/li>\n<li class=\"ficha-tecnica\">6 silos de 8.000 toneladas c\/u, base soja.<\/li>\n<li class=\"ficha-tecnica\">1 planta de acondicionamento para armazenar 2.400 toneladas, e uma velocidade de secagem de 60 toneladas\/hora para 4 pontos percentuais de umidade no milho.<\/li>\n<li class=\"ficha-tecnica\">2 esteiras de embarque de 1.200 toneladas\/hora cada uma.<\/li>\n<li class=\"ficha-tecnica\">3 bra\u00e7os para guindaste Buhler automatizados.<\/li>\n<li class=\"ficha-tecnica\">3 plataformas de descarga de 300 toneladas\/hora cada uma.<\/li>\n<\/ul>\n<div class=\"ficha-tecnica\"><\/div>\n<div class=\"ficha-tecnica\"><\/div>\n<p><\/p>","protected":false},"excerpt":{"rendered":"<p>De import\u00e2ncia essencial no projeto Terminal Las Palmas, o porto cerealista oferece um atracadouro de 250 m de frente, apto para opera\u00e7\u00e3o de navios tipo Panamax, entre outros, com um calado natural de 36 p\u00e9s. A capacidade de embarque \u00e9 2.000 toneladas\/hora para derivados proteicos e 2.400 toneladas\/hora para gr\u00e3os. O setor de armazenagem tem [&hellip;]<\/p>\n","protected":false},"author":2,"featured_media":0,"parent":0,"menu_order":0,"comment_status":"closed","ping_status":"closed","template":"","meta":{"footnotes":""},"class_list":["post-31","page","type-page","status-publish","hentry"],"_links":{"self":[{"href":"https:\/\/terminallaspalmas.com\/pb\/wp-json\/wp\/v2\/pages\/31","targetHints":{"allow":["GET"]}}],"collection":[{"href":"https:\/\/terminallaspalmas.com\/pb\/wp-json\/wp\/v2\/pages"}],"about":[{"href":"https:\/\/terminallaspalmas.com\/pb\/wp-json\/wp\/v2\/types\/page"}],"author":[{"embeddable":true,"href":"https:\/\/terminallaspalmas.com\/pb\/wp-json\/wp\/v2\/users\/2"}],"replies":[{"embeddable":true,"href":"https:\/\/terminallaspalmas.com\/pb\/wp-json\/wp\/v2\/comments?post=31"}],"version-history":[{"count":4,"href":"https:\/\/terminallaspalmas.com\/pb\/wp-json\/wp\/v2\/pages\/31\/revisions"}],"predecessor-version":[{"id":100,"href":"https:\/\/terminallaspalmas.com\/pb\/wp-json\/wp\/v2\/pages\/31\/revisions\/100"}],"wp:attachment":[{"href":"https:\/\/terminallaspalmas.com\/pb\/wp-json\/wp\/v2\/media?parent=31"}],"curies":[{"name":"wp","href":"https:\/\/api.w.org\/{rel}","templated":true}]}}