{"id":32,"date":"2016-07-26T01:09:31","date_gmt":"2016-07-26T01:09:31","guid":{"rendered":"https:\/\/c0010244.ferozo.com\/?page_id=32"},"modified":"2016-07-26T14:26:03","modified_gmt":"2016-07-26T14:26:03","slug":"terminal-de-contenedores-y-carga-general","status":"publish","type":"page","link":"https:\/\/terminallaspalmas.com\/pb\/terminal-de-contenedores-y-carga-general\/","title":{"rendered":"Terminal de Cont\u00eaineres e Carga Geral"},"content":{"rendered":"<p><img loading=\"lazy\" decoding=\"async\" class=\"img-responsive alignnone wp-image-67 size-full\" src=\"https:\/\/c0010244.ferozo.com\/wp-content\/uploads\/2016\/07\/contenedores-2.png\" alt=\"contenedores de exportacion\" width=\"600\" height=\"500\" srcset=\"https:\/\/terminallaspalmas.com\/wp-content\/uploads\/2016\/07\/contenedores-2.png 600w, https:\/\/terminallaspalmas.com\/wp-content\/uploads\/2016\/07\/contenedores-2-300x250.png 300w\" sizes=\"auto, (max-width: 600px) 100vw, 600px\" \/><\/p>\n<h3>Infraestrutura<\/h3>\n<ul>\n<li>Dep\u00f3sitos cobertos alfandegados e para nacionalizados de 11.000 m2<\/li>\n<li>Dep\u00f3sitos aptos para alimentos de 2.400 m2<\/li>\n<li>P\u00e1tio alfandegado a c\u00e9u aberto de 50.000 m2.<\/li>\n<li>P\u00e1tio para nacionalizados a c\u00e9u aberto de 10.000 m2.<\/li>\n<li>2.000 m de beirais operacionais, permitindo colocar 35 cont\u00eaineres simultaneamente.<\/li>\n<li>Espa\u00e7o para armazenagem de cont\u00eaineres com capacidade de 2,500 TEUs de todas as linhas mar\u00edtimas.<\/li>\n<li>Planta para consolida\u00e7\u00e3o de cereais em cont\u00eaineres com capacidade de 112 toneladas\/hora de consolida\u00e7\u00e3o.<\/li>\n<li>Capacidade de 40 plugs com suprimento de energia el\u00e9trica durante todo o dia.<\/li>\n<li>Circuito fechado de c\u00e2maras.<\/li>\n<li>Ilumina\u00e7\u00e3o total do pr\u00e9dio<\/li>\n<li>Vigil\u00e2ncia 24 x 365.<\/li>\n<li>Instala\u00e7\u00f5es com escrit\u00f3rios para operadores e clientes.<\/li>\n<li>2 balan\u00e7as fiscais com capacidade de 45 toneladas cada uma.<\/li>\n<li>Certificado ISO 14001.<\/li>\n<\/ul>\n<h3>Doca e cais<\/h3>\n<p>A TLP conta com uma doca interior, com uma superf\u00edcie total de 500 m2 (100 m de comprimento e 50 m de largura), com 17 p\u00e9s de calado, para opera\u00e7\u00e3o de barca\u00e7as e navios de pequeno porte.<\/p>\n<p>Conta, tamb\u00e9m, com um s\u00edtio para navios atracados em espera de 100 m de comprimento e 55 m de largura.<\/p>\n<p>&nbsp;<\/p>\n<h3>Equipamento<\/h3>\n<ul>\n<li>Guindaste m\u00f3vel Liebherr 320<\/li>\n<\/ul>\n<p>A TLP conta com um guindaste m\u00f3vel para carga e descarga de cont\u00eaineres e de todo tipo de mercadoria a granel. \u00c9 um modelo de guindaste sobre pneus que lhe permitem se movimentar livremente. O guindaste tem capacidade de i\u00e7amento de 100 toneladas e 25 movimentos por hora.<\/p>\n<h3>Guindastes para cont\u00eaineres cheios<\/h3>\n<ul>\n<li>Kalmar &#8211; Taylor<\/li>\n<\/ul>\n<p>Este equipamento \u00e9 o equipamento vers\u00e1til por defini\u00e7\u00e3o e permite cobrir um grande espa\u00e7o em tempos reduzidos. Sua versatilidade permite trabalhar sem restri\u00e7\u00f5es em toda a \u00e1rea do porto. Tem capacidade para manuseio de cont\u00eaineres de at\u00e9 45 toneladas, os quais podem ser empilhados facilmente.<\/p>\n<h3>Guindastes para cont\u00eaineres vazios<\/h3>\n<ul>\n<li>Bellotti B92<\/li>\n<\/ul>\n<p>O Reachstacker para cont\u00eaineres vazios \u00e9 um equipamento muito vers\u00e1til, din\u00e2mico\u00a0 e extremadamente m\u00f3vel, que permite satisfazer a demanda em todos os espa\u00e7os poss\u00edveis dentro do porto. A TLP utiliza estes equipamentos na opera\u00e7\u00e3o especializada de Dep\u00f3sitos para cont\u00eaineres vazios. O Reachstacker para cont\u00eaineres vazios tem capacidade de manuseio de at\u00e9 11 toneladas e pode empilhar at\u00e9 5 unidades.<\/p>\n<h3>Elevadores<\/h3>\n<ul>\n<li>Toyota &#8211; Caterpiller- Linde.<\/li>\n<\/ul>\n<p>Os elevadores s\u00e3o equipamentos de apoio para diferentes opera\u00e7\u00f5es, tais como vaziado de cont\u00eaineres, manuseio de ferramentas de apoio para opera\u00e7\u00e3o de navios e muitas outras aplica\u00e7\u00f5es. S\u00e3o tamb\u00e9m essenciais para a manuten\u00e7\u00e3o dos outros equipamentos da TLP. A TLP conta com equipamento de 1,2; 2,5; 3 e 5 toneladas.<\/p>\n<p>Tem tamb\u00e9m equipamento a combust\u00e3o para uso geral e el\u00e9tricos para utilizar em armaz\u00e9ns aptos para alimentos.<\/p>","protected":false},"excerpt":{"rendered":"<p>Infraestrutura Dep\u00f3sitos cobertos alfandegados e para nacionalizados de 11.000 m2 Dep\u00f3sitos aptos para alimentos de 2.400 m2 P\u00e1tio alfandegado a c\u00e9u aberto de 50.000 m2. P\u00e1tio para nacionalizados a c\u00e9u aberto de 10.000 m2. 2.000 m de beirais operacionais, permitindo colocar 35 cont\u00eaineres simultaneamente. Espa\u00e7o para armazenagem de cont\u00eaineres com capacidade de 2,500 TEUs de [&hellip;]<\/p>\n","protected":false},"author":2,"featured_media":0,"parent":0,"menu_order":0,"comment_status":"closed","ping_status":"closed","template":"","meta":{"footnotes":""},"class_list":["post-32","page","type-page","status-publish","hentry"],"_links":{"self":[{"href":"https:\/\/terminallaspalmas.com\/pb\/wp-json\/wp\/v2\/pages\/32","targetHints":{"allow":["GET"]}}],"collection":[{"href":"https:\/\/terminallaspalmas.com\/pb\/wp-json\/wp\/v2\/pages"}],"about":[{"href":"https:\/\/terminallaspalmas.com\/pb\/wp-json\/wp\/v2\/types\/page"}],"author":[{"embeddable":true,"href":"https:\/\/terminallaspalmas.com\/pb\/wp-json\/wp\/v2\/users\/2"}],"replies":[{"embeddable":true,"href":"https:\/\/terminallaspalmas.com\/pb\/wp-json\/wp\/v2\/comments?post=32"}],"version-history":[{"count":4,"href":"https:\/\/terminallaspalmas.com\/pb\/wp-json\/wp\/v2\/pages\/32\/revisions"}],"predecessor-version":[{"id":101,"href":"https:\/\/terminallaspalmas.com\/pb\/wp-json\/wp\/v2\/pages\/32\/revisions\/101"}],"wp:attachment":[{"href":"https:\/\/terminallaspalmas.com\/pb\/wp-json\/wp\/v2\/media?parent=32"}],"curies":[{"name":"wp","href":"https:\/\/api.w.org\/{rel}","templated":true}]}}