{"id":33,"date":"2016-07-26T01:09:46","date_gmt":"2016-07-26T01:09:46","guid":{"rendered":"https:\/\/c0010244.ferozo.com\/?page_id=33"},"modified":"2016-07-26T14:28:28","modified_gmt":"2016-07-26T14:28:28","slug":"ventajas","status":"publish","type":"page","link":"https:\/\/terminallaspalmas.com\/pb\/ventajas\/","title":{"rendered":"Vantagens"},"content":{"rendered":"<p>A menos de 100 km de Buenos Aires, a TLP conecta os portos de Buenos Aires, Montevid\u00e9u e Assun\u00e7\u00e3o e, dai, para o resto do mundo, sem ter que entrar nem sair da Cidade de Buenos Aires, o qual se traduz em rapidez e custos mais baixos. A TLP \u00e9 um porto com localiza\u00e7\u00e3o estrat\u00e9gica, conex\u00e3o internacional, infraestrutura e servi\u00e7os portu\u00e1rios personalizados.<\/p>\n<p>\u00c9 por isso que nossos clientes contam com uma equipe humana focalizada no valor do servi\u00e7o. Mais de 100 funcion\u00e1rios portu\u00e1rios especializados oferecem uma aten\u00e7\u00e3o dedicada e eficiente, suportada por diferentes certifica\u00e7\u00f5es, como ISPS e ISO 14001, entre outras.<\/p>\n<p>Para importar ou exportar carga em cont\u00eaineres, carga geral, projeto, granel agr\u00edcola, etc. com a TLP, nossos clientes recebem:<\/p>\n<ul>\n<li>Tr\u00e2mites aduaneiros \u00e1geis .<\/li>\n<li>Tarifas promocionais.<\/li>\n<li>Seguran\u00e7a<\/li>\n<li>15 dias livres de direitos de alf\u00e2ndega para retirar a mercadoria.<\/li>\n<li>10 dias livres de direitos de armazenagem para exporta\u00e7\u00e3o.<\/li>\n<li>Dep\u00f3sitos alfandegados e para produtos nacionalizados, a tarifas muito convenientes.<\/li>\n<li>Servi\u00e7os mais competitivos de consolida\u00e7\u00e3o e desconsolida\u00e7\u00e3o de carga.<\/li>\n<li>Por isso, a TLP \u00e9 a conex\u00e3o com o mercado internacional e, ciente de sua posi\u00e7\u00e3o estrat\u00e9gica, projeta se expandir para se tornar a melhor op\u00e7\u00e3o log\u00edstica dos exportadores e importadores que precisem minimizar os custos log\u00edsticos.<\/li>\n<\/ul>\n<p>As rotas de com\u00e9rcio mar\u00edtimo da TLP foram tra\u00e7adas para conseguir os objetivos de nossos clientes, que utilizam nossa excelente log\u00edstica para os destinos da \u00c1sia Pac\u00edfico, Norte da Europa. Am\u00e9rica, \u00c1frica e Oceania.<\/p>\n<p>A Terminal Las Palmas \u00e9 um porto voltado para o cliente. \u00c9 parceiro comercial e estrat\u00e9gico de empresas como Alto Paran\u00e1, DAK Am\u00e9ricas, Kimberly Clark, Ferrero, etc.<\/p>\n<p>\u00c9 por isso que conex\u00e3o significa acesso, enlace. \u00c9 tamb\u00e9m desenvolvimento para o Centro-Norte do pa\u00eds e de sua empresa.<\/p>\n<p>A Terminal Las Palmas impulsiona o desenvolvimento e deseja se tornar a principal op\u00e7\u00e3o log\u00edstica como porto de enlace.<\/p>\n<p>A miss\u00e3o da TLP \u00e9 desenvolver e implementar novos servi\u00e7os de conex\u00e3o internacional no Up- River, visando a oferecer mais e melhores op\u00e7\u00f5es log\u00edsticas para as empresas que desejem receber um servi\u00e7o eficiente e dedicado.<\/p>","protected":false},"excerpt":{"rendered":"<p>A menos de 100 km de Buenos Aires, a TLP conecta os portos de Buenos Aires, Montevid\u00e9u e Assun\u00e7\u00e3o e, dai, para o resto do mundo, sem ter que entrar nem sair da Cidade de Buenos Aires, o qual se traduz em rapidez e custos mais baixos. A TLP \u00e9 um porto com localiza\u00e7\u00e3o estrat\u00e9gica, [&hellip;]<\/p>\n","protected":false},"author":2,"featured_media":0,"parent":0,"menu_order":0,"comment_status":"closed","ping_status":"closed","template":"","meta":{"footnotes":""},"class_list":["post-33","page","type-page","status-publish","hentry"],"_links":{"self":[{"href":"https:\/\/terminallaspalmas.com\/pb\/wp-json\/wp\/v2\/pages\/33","targetHints":{"allow":["GET"]}}],"collection":[{"href":"https:\/\/terminallaspalmas.com\/pb\/wp-json\/wp\/v2\/pages"}],"about":[{"href":"https:\/\/terminallaspalmas.com\/pb\/wp-json\/wp\/v2\/types\/page"}],"author":[{"embeddable":true,"href":"https:\/\/terminallaspalmas.com\/pb\/wp-json\/wp\/v2\/users\/2"}],"replies":[{"embeddable":true,"href":"https:\/\/terminallaspalmas.com\/pb\/wp-json\/wp\/v2\/comments?post=33"}],"version-history":[{"count":3,"href":"https:\/\/terminallaspalmas.com\/pb\/wp-json\/wp\/v2\/pages\/33\/revisions"}],"predecessor-version":[{"id":104,"href":"https:\/\/terminallaspalmas.com\/pb\/wp-json\/wp\/v2\/pages\/33\/revisions\/104"}],"wp:attachment":[{"href":"https:\/\/terminallaspalmas.com\/pb\/wp-json\/wp\/v2\/media?parent=33"}],"curies":[{"name":"wp","href":"https:\/\/api.w.org\/{rel}","templated":true}]}}