{"id":34,"date":"2016-07-26T01:09:57","date_gmt":"2016-07-26T01:09:57","guid":{"rendered":"https:\/\/c0010244.ferozo.com\/?page_id=34"},"modified":"2016-07-26T14:27:31","modified_gmt":"2016-07-26T14:27:31","slug":"terminos-y-condiciones","status":"publish","type":"page","link":"https:\/\/terminallaspalmas.com\/pb\/terminos-y-condiciones\/","title":{"rendered":"Termos e Condi\u00e7\u00f5es"},"content":{"rendered":"<p>Os termos e condi\u00e7\u00f5es gerais de uso mencionados constituem o enquadramento legal para uso do site  http:\/\/www.terminallaspalmas.com.ar<\/p>\n<p>1. Do Uso e Acesso. Aceita\u00e7\u00e3o dos Termos e Condi\u00e7\u00f5es Gerais de Uso.<\/p>\n<p>Os seguintes s\u00e3o os Termos e Condi\u00e7\u00f5es Gerais de Uso (&#8220;Condi\u00e7\u00f5es de Uso&#8221;) para os usu\u00e1rios da Internet que acessem os conte\u00fados e servi\u00e7os que a TLP disponibiliza atrav\u00e9s de seu site  http:\/\/www.terminallaspalmas.com.ar (&#8220;Site&#8221;). Ao utilizar o Site, o Usu\u00e1rio declara concordar com as Condi\u00e7\u00f5es de Uso e aceit\u00e1-las.<\/p>\n<p>A TLP poder\u00e1, no futuro, alterar as Condi\u00e7\u00f5es de Uso mediante a publica\u00e7\u00e3o, no Site, de suas altera\u00e7\u00f5es ou de novos termos e condi\u00e7\u00f5es.  O Usu\u00e1rio reconhece e aceita que, ao utilizar o Site ap\u00f3s a publica\u00e7\u00e3o dessas altera\u00e7\u00f5es, aceita os novos termos e condi\u00e7\u00f5es em vigor. Portanto, a TLP aconselha ao Usu\u00e1rio que os revise periodicamente.<\/p>\n<p>Caso o Usu\u00e1rio n\u00e3o aceite estas Condi\u00e7\u00f5es de Uso ou suas altera\u00e7\u00f5es futuras, sem limita\u00e7\u00f5es nem altera\u00e7\u00f5es, o convidamos a abandonar o Site.<\/p>\n<p>2. Das Obriga\u00e7\u00f5es e Responsabilidades do Usu\u00e1rio.<\/p>\n<p>O Usu\u00e1rio ser\u00e1 respons\u00e1vel pela confidencialidade e pelo uso das informa\u00e7\u00f5es que forne\u00e7a. O Usu\u00e1rio dever\u00e1 utilizar procedimentos adequados de seguran\u00e7a e cumprir com as instru\u00e7\u00f5es razo\u00e1veis fornecidas pelo Site para garantir a confidencialidade das informa\u00e7\u00f5es. Qualquer instru\u00e7\u00e3o ou aceita\u00e7\u00e3o executada sob a identifica\u00e7\u00e3o do Usu\u00e1rio ser\u00e1 interpretada como feita pelo Usu\u00e1rio autorizado.<\/p>\n<p>O Usu\u00e1rio dever\u00e1 cumprir com todas as leis e regulamenta\u00e7\u00f5es relativas a qualquer produto oferecido no Site e com todas as instru\u00e7\u00f5es razo\u00e1veis do Site.<\/p>\n<p>O Usu\u00e1rio \u00e9 e ser\u00e1 respons\u00e1vel pelos dados e informa\u00e7\u00f5es enviadas para a TLP, devendo responder pela veracidade dos dados fornecidos. A TLP reserva-se o direito de cancelar seu cadastramento quando o Usu\u00e1rio fornecera dados falsos, sem preju\u00edzo das outras a\u00e7\u00f5es legais permitidas pela lei.<\/p>\n<p>3. Do Aviso Legal sobre Propriedade Intelectual e Industrial.<\/p>\n<p>Todo o material publicado no Site (incluindo, sem limita\u00e7\u00f5es, textos, fotografias, imagens, ilustra\u00e7\u00f5es, clipes de \u00e1udio e v\u00eddeo e qualquer outro material relativo ao servi\u00e7o fornecido e\/ou criado pela TLP, incluindo o Site) encontra-se protegido por direitos de propriedade intelectual dos quais a TLP \u00e9 o propriet\u00e1rio ou leg\u00edtimo licenciante. Os Usu\u00e1rios concordam n\u00e3o fazer qualquer coisa que possa violar e\/ou infringir esses direitos de propriedade intelectual, e agir\u00e3o para preservar e proteger esses direitos.<\/p>\n<p>O Usu\u00e1rio aceita n\u00e3o utilizar o Site para qualquer fim ilegal. A TLP reserva-se o direito de restringir ou cancelar o acesso ao Site se, no crit\u00e9rio da TLP, o Usu\u00e1rio utilizar o Site para infringir alguma lei, violar direitos de terceiros ou n\u00e3o cumprir estas Condi\u00e7\u00f5es de Uso.<\/p>\n<p>4. Das Exce\u00e7\u00f5es e Exclus\u00e3o de Garantias.<\/p>\n<p>O Usu\u00e1rio assume todos os riscos associados ao uso deste Site. O conte\u00fado do Site, assim como os produtos e os servi\u00e7os oferecidos atrav\u00e9s dele, s\u00e3o fornecidos &#8220;no estado atual&#8221; (&#8220;as is&#8221;), sem garantias expressas ou impl\u00edcitas. A TLP n\u00e3o \u00e9 respons\u00e1vel pelos erros e\/ou omiss\u00f5es nas informa\u00e7\u00f5es do Site e seu conte\u00fado, assim como nos produtos e servi\u00e7os oferecidos, e pelos inconvenientes que possam surgir devido \u00e0 viola\u00e7\u00e3o de direitos de terceiros.<\/p>\n<p>A TLP n\u00e3o garante, expressa ou implicitamente, que o material do Site n\u00e3o infrinja direitos de terceiros; que o acesso ao Site seja sem interrup\u00e7\u00f5es ou erros; que o Site seja seguro; ou que as informa\u00e7\u00f5es do Site sejam completas, precisas e relevantes.<\/p>\n<p>A TLP n\u00e3o garante nem segura que o uso do Site ou de qualquer software, servi\u00e7o ou conte\u00fado pelo Usu\u00e1rio n\u00e3o infrinja os direitos de terceiros, e que as disposi\u00e7\u00f5es desta cl\u00e1usula sejam precisas, completas ou atualizadas. Em rela\u00e7\u00e3o a qualquer publica\u00e7\u00e3o, apresenta\u00e7\u00e3o e outros elementos semelhantes encontrados no Site, a TLP n\u00e3o assume qualquer responsabilidade sobre o uso de qualquer material ilegal, amea\u00e7ador, falso, enganoso, abusivo, acossador, injurioso, difamat\u00f3rio, vulgar, obsceno, escandaloso, provocador, pornogr\u00e1fico ou irreverente, ou qualquer outro material que possa constituir ou induzir uma conduta delitiva ou que possa dar in\u00edcio a processos de responsabilidade civil ou que possa violar qualquer outra lei, e que esteja inclu\u00eddo em qualquer parte do Site.<\/p>\n<p>5. Dos Links do Site.<\/p>\n<p>O Site poder\u00e1 oferecer links, sites e outros servi\u00e7os de outras empresas atrav\u00e9s do Site. A TLP n\u00e3o controla os conte\u00fados, pol\u00edticas de privacidade ou pr\u00e1ticas dos sites de terceiros, nem assume qualquer responsabilidade por eles.<\/p>\n<p>A TLP n\u00e3o est\u00e1 associada nem afiliada a patrocinadores ou produtores de sites com links para o Site ou desde ele, e n\u00e3o suporta, representa nem outorga garantia alguma sobre os conte\u00fados desses sites.<\/p>\n<p>Em nenhuma circunst\u00e2ncia, a TLP ser\u00e1 respons\u00e1vel pela disponibilidade ou pelo conte\u00fado de sites de terceiros ligados ou n\u00e3o ao Site, nem pelas perdas ou danos que o Usu\u00e1rio possa sofrer pela sua disponibilidade e\/ou conte\u00fado. Qualquer d\u00favida e\/ou reclama\u00e7\u00e3o relativas a qualquer site de terceiros ligado ao Site dever\u00e1 ser encaminhada para o administrador desse sites.<\/p>\n<p>A TLP recomenda que todos os Usu\u00e1rios do Site leiam os termos e condi\u00e7\u00f5es e a pol\u00edtica de privacidade de todos os outros sites visitados por eles.<\/p>\n<p>6. Dos Limites de Responsabilidade.<\/p>\n<p>O Usu\u00e1rio utiliza o Site ou qualquer software, servi\u00e7o ou material dispon\u00edvel atrav\u00e9s do Site por conta e risco pr\u00f3prio. Nenhuma recomenda\u00e7\u00e3o e\/ou informa\u00e7\u00e3o, ora verbal ora escrita, obtida pelo Usu\u00e1rio da TLP ou atrav\u00e9s do Site, cria nem criar\u00e1 garantia alguma.<\/p>\n<p>Em nenhuma circunst\u00e2ncia, a TLP ser\u00e1 respons\u00e1vel pelos danos que terceiros possam sofrer pelo uso do Site, seu conte\u00fado, ou pelos produtos e servi\u00e7os oferecidos atrav\u00e9s dele.<\/p>\n<p>A TLP tamb\u00e9m n\u00e3o ser\u00e1 respons\u00e1vel pelas falhas, erros, omiss\u00f5es, interrup\u00e7\u00f5es, perdas de receitas, informa\u00e7\u00f5es, outros bens intang\u00edveis e de seguran\u00e7a das informa\u00e7\u00f5es fornecidas, demoras nas opera\u00e7\u00f5es ou transmiss\u00e3o ao vivo, v\u00edrus, erros de sistema, ou qualquer outra classe de perdas devido ao uso do Site. Essa limita\u00e7\u00e3o aplica-se embora os danos tenham sido reclamados invocando responsabilidade contratual baseada em neglig\u00eancia, e quando nossos representantes ou a TLP tenham sido negiglentes e, ainda, quando tenham sido advertidos da possibilidade desses danos.<\/p>\n<p>Nem a TLP nem quaisquer de seus diretores, funcion\u00e1rios, agentes, acionistas, licenciantes e representantes s\u00e3o, ou ser\u00e3o, respons\u00e1veis por qualquer dano direto, indireto, punitivo, incidental, especial, emergente, exemplar ou qualquer outro dano resultante do uso do Site ou relativo a ele, os servi\u00e7os, o software, o Conte\u00fado; sejam danos contratuais, extracontratuais por responsabilidade objetiva ou de qualquer outro tipo, mesmo quando eles tenham sido advertidos da possibilidade desses danos, incluindo, sem limita\u00e7\u00f5es, os danos por perdas de benef\u00edcios, uso, dados, perda de outros bens intang\u00edveis e de seguran\u00e7a das informa\u00e7\u00f5es fornecidas em rela\u00e7\u00e3o ao uso do Site e dos Servi\u00e7os.<\/p>\n<p>Caso o Usu\u00e1rio n\u00e3o concorde com esta limita\u00e7\u00e3o, dever\u00e1 abandonar este Site.<\/p>\n<p>7. Da Aprova\u00e7\u00e3o do Cadastramento.<\/p>\n<p>Para fins de se cadastrar no Site, o Usu\u00e1rio dever\u00e1 fornecer informa\u00e7\u00f5es \u00e0 TLP. Essas informa\u00e7\u00f5es dever\u00e3o ser exatas e atualizadas (endere\u00e7o de correio eletr\u00f4nico).<\/p>\n<p>As vantagens acordadas pelo cadastramento estar\u00e3o dispon\u00edveis somente quando a TLP aceite sua solicita\u00e7\u00e3o de cadastramento. A TLP tem o direito de rejeitar, a qualquer momento, qualquer solicita\u00e7\u00e3o de cadastramento sem necessidade de justificar sua decis\u00e3o.<\/p>\n<p>8. Dos Produtos e Servi\u00e7os.<\/p>\n<p>N\u00e3o todos os produtos e\/ou servi\u00e7os oferecidos no Site dever\u00e3o ser disponibilizados para or\u00e7amento e\/ou comercializa\u00e7\u00e3o em todos os pa\u00edses, regi\u00f5es ou \u00e1reas geogr\u00e1ficas.<\/p>\n<p>9. Das Altera\u00e7\u00f5es.<\/p>\n<p>A TLP poder\u00e1, a qualquer momento, alterar, suspender ou descontinuar qualquer aspecto do Site e impor limites a determinadas caracter\u00edsticas do Site, ou restringir seu acesso \u00e0 totalidade ou a uma parte do Site sem aviso pr\u00e9vio ou responsabilidade da TLP. O design do pacote, o gosto ou a apresenta\u00e7\u00e3o dos produtos podem diferir da fotografia exibida, ser alterados e\/ou descontinuados sem aviso pr\u00e9vio.<\/p>\n<p>10. Do Cancelamento.<\/p>\n<p>A TLP poder\u00e1, segundo seu pr\u00f3prio crit\u00e9rio, cancelar ou suspender o acesso do Usu\u00e1rio \u00e0 totalidade ou a uma parte do Site por qualquer motivo, incluindo, sem limita\u00e7\u00f5es, a falta de cumprimento das Condi\u00e7\u00f5es de Uso.<\/p>\n<p>11. Da Lei Aplic\u00e1vel e da Jurisdi\u00e7\u00e3o<\/p>\n<p>Estas Condi\u00e7\u00f5es de Uso ser\u00e3o interpretadas e regidas conforme as leis argentinas.<\/p>\n<p>Pelo presente acordo, o Usu\u00e1rio se submete \u00e0 jurisdi\u00e7\u00e3o exclusiva dos Tribunais Ordin\u00e1rios Comerciais da Cidade Aut\u00f4noma de Buenos Aires para todas e cada uma das controv\u00e9rsias ou diferen\u00e7as relativas \u00e0s Condi\u00e7\u00f5es de Uso.<\/p>\n<p>CASO O USU\u00c1RIO N\u00c3O CONCORDE COM ESTAS CONDI\u00c7\u00d5ES DE USO, DEVER\u00c1 ABANDONAR O S\u00cdTIO.<\/p>","protected":false},"excerpt":{"rendered":"<p>Os termos e condi\u00e7\u00f5es gerais de uso mencionados constituem o enquadramento legal para uso do site http:\/\/www.terminallaspalmas.com.ar 1. Do Uso e Acesso. Aceita\u00e7\u00e3o dos Termos e Condi\u00e7\u00f5es Gerais de Uso. Os seguintes s\u00e3o os Termos e Condi\u00e7\u00f5es Gerais de Uso (&#8220;Condi\u00e7\u00f5es de Uso&#8221;) para os usu\u00e1rios da Internet que acessem os conte\u00fados e servi\u00e7os que [&hellip;]<\/p>\n","protected":false},"author":2,"featured_media":0,"parent":0,"menu_order":0,"comment_status":"closed","ping_status":"closed","template":"","meta":{"footnotes":""},"class_list":["post-34","page","type-page","status-publish","hentry"],"_links":{"self":[{"href":"https:\/\/terminallaspalmas.com\/pb\/wp-json\/wp\/v2\/pages\/34","targetHints":{"allow":["GET"]}}],"collection":[{"href":"https:\/\/terminallaspalmas.com\/pb\/wp-json\/wp\/v2\/pages"}],"about":[{"href":"https:\/\/terminallaspalmas.com\/pb\/wp-json\/wp\/v2\/types\/page"}],"author":[{"embeddable":true,"href":"https:\/\/terminallaspalmas.com\/pb\/wp-json\/wp\/v2\/users\/2"}],"replies":[{"embeddable":true,"href":"https:\/\/terminallaspalmas.com\/pb\/wp-json\/wp\/v2\/comments?post=34"}],"version-history":[{"count":3,"href":"https:\/\/terminallaspalmas.com\/pb\/wp-json\/wp\/v2\/pages\/34\/revisions"}],"predecessor-version":[{"id":103,"href":"https:\/\/terminallaspalmas.com\/pb\/wp-json\/wp\/v2\/pages\/34\/revisions\/103"}],"wp:attachment":[{"href":"https:\/\/terminallaspalmas.com\/pb\/wp-json\/wp\/v2\/media?parent=34"}],"curies":[{"name":"wp","href":"https:\/\/api.w.org\/{rel}","templated":true}]}}