{"id":8,"date":"2016-07-25T23:10:00","date_gmt":"2016-07-25T23:10:00","guid":{"rendered":"https:\/\/c0010244.ferozo.com\/?page_id=8"},"modified":"2016-07-26T13:58:22","modified_gmt":"2016-07-26T13:58:22","slug":"cereales","status":"publish","type":"page","link":"https:\/\/terminallaspalmas.com\/pb\/cereales\/","title":{"rendered":"Cereais"},"content":{"rendered":"<p>No terminal de cereais da Terminal Las Palmas, nossos clientes podem encontrar solu\u00e7\u00f5es para todas as necessidades operacionais e log\u00edsticas que podam acontecer. Os servi\u00e7os padronizados que podem ser solicitados e coordenados incluem:<\/p>\n<p><img loading=\"lazy\" decoding=\"async\" class=\"img-responsive alignnone wp-image-11 size-full\" src=\"https:\/\/c0010244.ferozo.com\/wp-content\/uploads\/2016\/07\/cereales.png\" alt=\"cereales \" width=\"600\" height=\"500\" srcset=\"https:\/\/terminallaspalmas.com\/wp-content\/uploads\/2016\/07\/cereales.png 600w, https:\/\/terminallaspalmas.com\/wp-content\/uploads\/2016\/07\/cereales-300x250.png 300w\" sizes=\"auto, (max-width: 600px) 100vw, 600px\" \/><\/p>\n<ul>\n<li>Recep\u00e7\u00e3o de mercadorias com capacidade de 500 caminh\u00f5es por dia.<\/li>\n<li>Armazenagem de mercadoria (70.000 toneladas base soja).<\/li>\n<li>Carga de navios Panamax, a um ritmo de 2.000 tn\/h, 36 p\u00e9s de calado no cais, capacidade para carregar 2 cereais diferentes simultaneamente.<\/li>\n<li>Secagem de gr\u00e3os.<\/li>\n<\/ul>\n<p><\/p>","protected":false},"excerpt":{"rendered":"<p>No terminal de cereais da Terminal Las Palmas, nossos clientes podem encontrar solu\u00e7\u00f5es para todas as necessidades operacionais e log\u00edsticas que podam acontecer. Os servi\u00e7os padronizados que podem ser solicitados e coordenados incluem: Recep\u00e7\u00e3o de mercadorias com capacidade de 500 caminh\u00f5es por dia. Armazenagem de mercadoria (70.000 toneladas base soja). Carga de navios Panamax, a [&hellip;]<\/p>\n","protected":false},"author":2,"featured_media":0,"parent":0,"menu_order":0,"comment_status":"closed","ping_status":"closed","template":"","meta":{"footnotes":""},"class_list":["post-8","page","type-page","status-publish","hentry"],"_links":{"self":[{"href":"https:\/\/terminallaspalmas.com\/pb\/wp-json\/wp\/v2\/pages\/8","targetHints":{"allow":["GET"]}}],"collection":[{"href":"https:\/\/terminallaspalmas.com\/pb\/wp-json\/wp\/v2\/pages"}],"about":[{"href":"https:\/\/terminallaspalmas.com\/pb\/wp-json\/wp\/v2\/types\/page"}],"author":[{"embeddable":true,"href":"https:\/\/terminallaspalmas.com\/pb\/wp-json\/wp\/v2\/users\/2"}],"replies":[{"embeddable":true,"href":"https:\/\/terminallaspalmas.com\/pb\/wp-json\/wp\/v2\/comments?post=8"}],"version-history":[{"count":4,"href":"https:\/\/terminallaspalmas.com\/pb\/wp-json\/wp\/v2\/pages\/8\/revisions"}],"predecessor-version":[{"id":72,"href":"https:\/\/terminallaspalmas.com\/pb\/wp-json\/wp\/v2\/pages\/8\/revisions\/72"}],"wp:attachment":[{"href":"https:\/\/terminallaspalmas.com\/pb\/wp-json\/wp\/v2\/media?parent=8"}],"curies":[{"name":"wp","href":"https:\/\/api.w.org\/{rel}","templated":true}]}}